{"id":45,"date":"2014-10-17T22:49:52","date_gmt":"2014-10-17T22:49:52","guid":{"rendered":"https:\/\/lfal.org\/?page_id=45"},"modified":"2019-03-17T17:49:29","modified_gmt":"2019-03-17T17:49:29","slug":"publications","status":"publish","type":"page","link":"https:\/\/lfal.org\/?page_id=45","title":{"rendered":"Publications"},"content":{"rendered":"<h2>Peer-reviewed publications<\/h2>\n<div class=\"page\" title=\"Page 2\">\n<div class=\"layoutArea\">\n<div class=\"column\">\n<p>12. <strong>Alvarez Le\u00f3n, L.F.<\/strong> \u201cEyes on the Road: Surveillance Logics in the Autonomous Vehicle Economy\u201d. Invited submission to D. Murakami Wood &amp; T. Monahan (Eds.). Special Issue of <em>Surveillance &amp; Society <\/em>on Platform Surveillance. <strong>Forthcoming<\/strong>.<\/p>\n<p>11. <strong>Alvarez Le\u00f3n, L.F.<\/strong> (2019). \u201cHow cars became mobile spatial media: A geographical political economy of onboard navigation\u201d. Invited Submission for J. Frith &amp; D. \u00d6zkul (Eds.). \u201cMobile Media Beyond Mobile Phones\u201d [Special Issue]. <em>Mobile Media &amp; Communication<\/em>. <strong>Forthcoming<\/strong>.<\/p>\n<p>10. <strong>Alvarez Le\u00f3n, L.F.<\/strong> (2018). \u201cCounter-mapping the Spaces of Autonomous Driving\u201d. Invited article for J. Thatcher &amp; C. Dalton (Eds.). New Perspectives on Critical Cartography. [Special Issue]. <em>Cartographic Perspectives<\/em>.<br \/>\nPre-published online: <a href=\"http:\/\/cartographicperspectives.org\/index.php\/journal\/article\/view\/1450\">http:\/\/cartographicperspectives.org\/index.php\/journal\/article\/view\/1450<\/a>.<\/p>\n<p>9. <strong>Alvarez Le\u00f3n, L.F.<\/strong>, Christophers, B., &amp; Yu, L. (Eds.), (2018). \u201cIntroduction\u201d. In <strong>L.F. Alvarez Le\u00f3n<\/strong>, B. Christophers, and L. Yu (Eds.), The Spatial Constitution of Markets [Special Issue]. <em>Economic Geography<\/em>. 94, 3. 211-216.<br \/>\nDOI: <a href=\"https:\/\/doi.org\/10.1080%2F00130095.2018.1441710\">https:\/\/doi.org\/10.1080%2F00130095.2018.1441710<\/a>.<\/p>\n<p>8. <strong>Alvarez Le\u00f3n, L.F.<\/strong> (2018). \u201cA blueprint for market construction? Spatial data infrastructure(s), interoperability, and the EU Digital Single Market\u201d. <em>Geoforum<\/em>. 92. 45-57.<br \/>\nDOI: <a href=\"https:\/\/doi.org\/10.1016%2Fj.geoforum.2018.03.013\">https:\/\/doi.org\/10.1016%2Fj.geoforum.2018.03.013<\/a>.<\/p>\n<p>7. <strong>Alvarez Le\u00f3n, L.F.<\/strong> &amp; Quinn, S. (2018). \u201cThe Value of Crowdsourced Street-Level Imagery: Examining the Shifting Property Regimes of OpenStreetCam and Mapillary\u201d. <em>GeoJournal<\/em>. March. 1-20.<br \/>\nDOI: <a href=\"https:\/\/doi.org\/10.1007%2Fs10708-018-9865-4\">https:\/\/doi.org\/10.1007%2Fs10708-018-9865-4<\/a>.<\/p>\n<p>6. <strong>Alvarez Le\u00f3n, L.F.<\/strong> (2018).\u201cInformation Policy Regimes and the Spatial Constitution of Digital Geographic Information Markets\u201d. In <strong>L.F. Alvarez Le\u00f3n<\/strong>, B. Christophers, and L. Yu (Eds.), The Spatial Constitution of Markets [Special Issue]. <em>Economic Geography<\/em>. 94, 3. 217-237.<br \/>\nDOI: <a href=\"https:\/\/doi.org\/10.1080%2F00130095.2017.1388161\">https:\/\/doi.org\/10.1080%2F00130095.2017.1388161<\/a>.<\/p>\n<\/div>\n<\/div>\n<\/div>\n<div class=\"page\" title=\"Page 3\">\n<div class=\"layoutArea\">\n<div class=\"column\">\n<p>5. <strong>Alvarez Le\u00f3n, L.F.<\/strong> (2017). \u201cThe Political Economy of Spatial Data Infrastructures\u201d. In S. Coetzee, F.J. Behr, A. Cooper et al. (Eds.), Spatial Data Infrastructures (SDI), Standards, Open Data and Open Source Software [Special Issue]. <em>The International Journal of Cartography<\/em>. November, 1-19.<br \/>\nDOI: <a href=\"https:\/\/doi.org\/10.1080%2F23729333.2017.1371475\">https:\/\/doi.org\/10.1080%2F23729333.2017.1371475<\/a>.<\/p>\n<p>4. <strong>Alvarez Le\u00f3n, L.F.<\/strong> &amp; Gleason, C.J. (2017). \u201cProduction, Property, and the Construction of Remote Sensing Data\u201d. <em>Annals of the American Association of Geographers, Methods, Models, and GIS Section<\/em>. 107(5), September, 1-15.<br \/>\nDOI: <a href=\"https:\/\/doi.org\/10.1080%2F24694452.2017.1293498\">https:\/\/doi.org\/10.1080%2F24694452.2017.1293498<\/a>.<\/p>\n<p>3. <strong>Alvarez Le\u00f3n, L.F.<\/strong> (2016). \u201cProperty Regimes and the Commodification of Geographic Information: an Examination of Google Street View\u201d. In A. Leszczynski &amp; J. Crampton (Eds.). Spatial Big Data and Everyday Life [Special issue]. <em>Big Data &amp; Society<\/em>. July-December, 1-13.<br \/>\nDOI: <a href=\"https:\/\/doi.org\/10.1177%2F2053951716637885\">https:\/\/doi.org\/10.1177%2F2053951716637885<\/a>.<\/p>\n<p>2. <strong>Alvarez Le\u00f3n, L.F.<\/strong> (2015). \u201cThe Digital Economy and Variegated Capitalism\u201d. <em>Canadian Journal of Communication<\/em>. 40(4), 637-654.<br \/>\nURL: <a href=\"http:\/\/cjc-online.ca\/index.php\/journal\/article\/view\/2952\/2670\">http:\/\/cjc-online.ca\/index.php\/journal\/article\/view\/2952\/2670<\/a>.<br \/>\n* Winner of the 2015 UCLA Geography Department Graduate Student Publication Award.<\/p>\n<p>1. Le\u00f3n-Manr\u00edquez, J.L., and <strong>Alvarez, L.F.<\/strong> (2014). \u201cMao\u2019s steps in Monroe\u2019s backyard: towards a United States-China hegemonic struggle in Latin America?\u201d [Special issue]. <em>Revista Brasileira de Pol\u00edtica Internacional<\/em>. 57(spe), 9-27.<br \/>\nDOI: <a href=\"https:\/\/doi.org\/10.1590%2F0034-7329201400202\">https:\/\/doi.org\/10.1590%2F0034-7329201400202<\/a>.<\/p>\n<\/div>\n<\/div>\n<\/div>\n<hr \/>\n<h2>Book Chapters<\/h2>\n<div class=\"page\" title=\"Page 3\">\n<div class=\"layoutArea\">\n<div class=\"column\">\n<p>6. <strong>Alvarez Le\u00f3n, L.F.<\/strong> (2018). \u201cThe emergence of Netflix and the new digital economic geography of Hollywood\u201d. In A.S. Buck &amp; T. Plothe, (Eds.). Netflix at the Nexus: Content, Practice, and Production in the Age of Streaming Television. Bern, Switzerland: Peter Lang. <strong>Forthcoming<\/strong>.<\/p>\n<p>5. Le\u00f3n-Manr\u00edquez, J.L. &amp; <strong>Alvarez Le\u00f3n, L.F.<\/strong> (2018). \u201cThe geography of Mexico\u2019s integration in the Pacific and the long shadow of NAFTA\u201d. In S. Kochi &amp; P. De Lombaerde (Eds.), Volume on regionalism in Asia Pacific and Latin America. United Nations University Series on Regionalism. Abingdon, UK: Routledge. <strong>Forthcoming<\/strong>.<\/p>\n<p>4. <strong>Alvarez Le\u00f3n, L.F.<\/strong> (2017). \u201cResearching the Property Regimes of Geographic Information\u201d. SAGE Research Methods Cases. Thousand Oaks, CA: SAGE.<br \/>\nURL: <a href=\"http:\/\/methods.sagepub.com\/case\/researching-the-property-regimes-of-digital-information\">http:\/\/methods.sagepub.com\/case\/researching-the-property-regimes-of-digital-information<\/a>.<\/p>\n<p>3. Ashraf, C. &amp; <strong>Alvarez Le\u00f3n, L.F.<\/strong> (2016). \u201cThe Logics and Territorialities of Geoblocking\u201d. In R. Lobato &amp; J. Meese (Eds.), Geoblocking and Global Video Culture, 42-53. Amsterdam: Institute of Networked Cultures.<br \/>\nURL: <a href=\"http:\/\/networkcultures.org\/blog\/publication\/no-18-geoblocking-and-global-video-culture\/\">http:\/\/networkcultures.org\/blog\/publication\/no-18-geoblocking-and-global-video-culture\/<\/a>.<\/p>\n<p>2. <strong>Alvarez Le\u00f3n, L.F.<\/strong> (2015). \u201cCopyrights\u201d. In F. Wherry &amp; J. Schor. (Eds.), The SAGE Encyclopedia of Economics and Society, 458-460. Thousand Oaks, CA: SAGE.<br \/>\nDOI: <a href=\"http:\/\/dx.doi.org\/10.4135\/9781452206905.n181\">http:\/\/dx.doi.org\/10.4135\/9781452206905.n181<\/a>.<\/p>\n<p>1. <strong>Alvarez Le\u00f3n, L.F.<\/strong> (2015). \u201cFair Use\u201d. In F. Wherry &amp; J. Schor. (Eds.), The SAGE Encyclopedia of Economics and Society, 669-670. Thousand Oaks, CA: SAGE.<br \/>\nDOI: <a href=\"http:\/\/dx.doi.org\/10.4135\/9781452206905.n265\">http:\/\/dx.doi.org\/10.4135\/9781452206905.n265<\/a>.<\/p>\n<\/div>\n<\/div>\n<\/div>\n<hr \/>\n<h2>Edited Volumes<\/h2>\n<div class=\"page\" title=\"Page 4\">\n<div class=\"layoutArea\">\n<div class=\"column\">\n<p>1. <strong>L.F. Alvarez Le\u00f3n<\/strong>, B. Christophers, &amp; L. Yu (Eds.), (2018). The Spatial Constitution of Markets. [Special Issue]. <em>Economic Geography<\/em>.<\/p>\n<\/div>\n<\/div>\n<\/div>\n<hr \/>\n<h2>Under Review<\/h2>\n<div class=\"page\" title=\"Page 4\">\n<div class=\"layoutArea\">\n<div class=\"column\">\n<p>7. Tarr, A. &amp; <strong>Alvarez Le\u00f3n, L.F.<\/strong> \u201cWill Review for Points: The Unpaid Affective Labor of Place-making for Google\u2019s Local Guides\u201d. <em>Feminist Review<\/em>. <strong>Minor Revisions<\/strong>.<\/p>\n<p>6. <strong>Alvarez Le\u00f3n, L.F.<\/strong> &amp; Rosen, J. \u201cTechnology as Ideology in Urban Governance\u201d. Invited Sub- mission for L. Bian (Ed.). \u201cSmart Spaces and Places\u201d, Special Issue of <em>Annals of the American Association of Geographers<\/em>. <strong>Revise &amp; Resubmit<\/strong>.<\/p>\n<p>5. Quinn, S. &amp; <strong>Alvarez Le\u00f3n, L.F.<\/strong> \u201cEvery Single Street? Rethinking Full Coverage Across Street- Level Imagery Platforms\u201d. <em>Transactions in GIS<\/em>. <strong>Revise &amp; Resubmit<\/strong>.<\/p>\n<p>4. <strong>Alvarez Le\u00f3n, L<\/strong>\u201cEngineering the Mechanism \/ Repairing the Robot: Artificial Intel- ligence at the Intersection of Education and Industry\u201d. Invited chapter for T. Jules &amp; F. Salajan (Eds.). The Educational Intelligent Economy. International Perspectives on Education and Society (IPES). Emerald Publishing. <strong>Revise &amp; Resubmit<\/strong>.<\/p>\n<p>3. <strong>Alvarez Le\u00f3n, L.F.<\/strong> \u201cSatellite revolutions: the changing political economy of remote sensing\u201d. Invited Submission for J.E. Goldstein &amp; E. Nost (Eds.). The Nature of Data: Infrastructures, Environments, Politics. University of Nebraska Press.<\/p>\n<p>2. <strong>Alvarez Le\u00f3n, L.F.<\/strong> &amp; Aoyama, Y. \u201cFrom informatization to autonomization: the evolution of the autonomous vehicle market\u201d. <em>Journal of Economic Geography.<\/em><\/p>\n<p>1. <strong>Alvarez Le\u00f3n, L.F. <\/strong>\u201cAutomation\u201d. Invited chapter for A. Kobayashi et al (Eds.). Inter- national Encyclopedia of Human Geography, 2nd Edition.<\/p>\n<\/div>\n<\/div>\n<\/div>\n<hr \/>\n<h2>In Preparation<\/h2>\n<div class=\"page\" title=\"Page 4\">\n<div class=\"layoutArea\">\n<div class=\"column\">\n<p>3. Rosen, J., <strong>Alvarez Le\u00f3n, L.F.<\/strong>, De Gregorio, S. &amp; Choi, J.H. (2018). \u201cTheoretical distance and bounded measurement in the development of composite indicators\u201d. For submission to <em>Sociological Theory<\/em>.<\/p>\n<p>2. Choi, J.H., <strong>Alvarez Le\u00f3n, L.F.<\/strong>, &amp; Rosen, J. \u201cHow Does Agglomeration Shape Youth Opportunity Across the Urban\/Rural Divide? Evidence from the Los Angeles Region\u201d.<\/p>\n<\/div>\n<\/div>\n<\/div>\n<div class=\"page\" title=\"Page 5\">\n<div class=\"layoutArea\">\n<div class=\"column\">\n<p>1. <strong>Alvarez Le\u00f3n, L.F.<\/strong> \u201cIntellectual Property, interoperability and the construction of a geographic information market in the United States\u201d.<\/p>\n<\/div>\n<\/div>\n<div class=\"layoutArea\">\n<hr \/>\n<\/div>\n<\/div>\n<h2>Digital Platforms<\/h2>\n<div class=\"page\" title=\"Page 5\">\n<div class=\"layoutArea\">\n<div class=\"column\">\n<p>1. \u201cNeighborhood Data for Social Change\u201d. (2017). USC Sol Price Center for Social Innovation. First collaborative mapping, visualization, and storytelling open data platform focused on the neighborhoods of Los Angeles, CA. Conceptual architecture, implementation, and team leadership. URL: <a href=\"https:\/\/socialinnovation.usc.edu\/special-initiatives\/neighborhood-data-for-social-change\/\">https:\/\/socialinnovation.usc.edu\/special-initiatives\/neighborhood-data-for-social-change\/<\/a><\/p>\n<\/div>\n<\/div>\n<\/div>\n<hr \/>\n","protected":false},"excerpt":{"rendered":"<p>Peer-reviewed publications 12. Alvarez Le\u00f3n, L.F. \u201cEyes on the Road: Surveillance Logics in the Autonomous Vehicle Economy\u201d. Invited submission to D. Murakami Wood &amp; T. Monahan (Eds.). Special Issue of Surveillance &amp; Society on Platform Surveillance. Forthcoming. 11. Alvarez Le\u00f3n, L.F. (2019). \u201cHow cars became mobile spatial media: A geographical political economy of onboard navigation\u201d. [&hellip;]<\/p>\n","protected":false},"author":1,"featured_media":358,"parent":0,"menu_order":3,"comment_status":"closed","ping_status":"closed","template":"","meta":{"footnotes":""},"class_list":["post-45","page","type-page","status-publish","has-post-thumbnail","hentry"],"_links":{"self":[{"href":"https:\/\/lfal.org\/index.php?rest_route=\/wp\/v2\/pages\/45","targetHints":{"allow":["GET"]}}],"collection":[{"href":"https:\/\/lfal.org\/index.php?rest_route=\/wp\/v2\/pages"}],"about":[{"href":"https:\/\/lfal.org\/index.php?rest_route=\/wp\/v2\/types\/page"}],"author":[{"embeddable":true,"href":"https:\/\/lfal.org\/index.php?rest_route=\/wp\/v2\/users\/1"}],"replies":[{"embeddable":true,"href":"https:\/\/lfal.org\/index.php?rest_route=%2Fwp%2Fv2%2Fcomments&post=45"}],"version-history":[{"count":81,"href":"https:\/\/lfal.org\/index.php?rest_route=\/wp\/v2\/pages\/45\/revisions"}],"predecessor-version":[{"id":482,"href":"https:\/\/lfal.org\/index.php?rest_route=\/wp\/v2\/pages\/45\/revisions\/482"}],"wp:featuredmedia":[{"embeddable":true,"href":"https:\/\/lfal.org\/index.php?rest_route=\/wp\/v2\/media\/358"}],"wp:attachment":[{"href":"https:\/\/lfal.org\/index.php?rest_route=%2Fwp%2Fv2%2Fmedia&parent=45"}],"curies":[{"name":"wp","href":"https:\/\/api.w.org\/{rel}","templated":true}]}}